{"id":88,"date":"2011-12-23T16:11:04","date_gmt":"2011-12-23T16:11:04","guid":{"rendered":"https:\/\/www.bvmainz.de\/content\/?page_id=88"},"modified":"2015-06-17T11:29:48","modified_gmt":"2015-06-17T11:29:48","slug":"gutenberg-cup","status":"publish","type":"page","link":"https:\/\/www.bvmainz.de\/content\/?page_id=88","title":{"rendered":"Gutenberg Cup"},"content":{"rendered":"<h2>Willkommen zum Gutenberg Cup!<a href=\"https:\/\/www.bvmainz.de\/content\/wp-content\/uploads\/2011\/12\/Gutenberg.jpg\"><img loading=\"lazy\" decoding=\"async\" class=\"alignleft size-medium wp-image-2736\" title=\"Gutenberg\" src=\"https:\/\/www.bvmainz.de\/content\/wp-content\/uploads\/2011\/12\/Gutenberg-271x300.jpg\" alt=\"\" width=\"271\" height=\"300\" srcset=\"https:\/\/www.bvmainz.de\/content\/wp-content\/uploads\/2011\/12\/Gutenberg-271x300.jpg 271w, https:\/\/www.bvmainz.de\/content\/wp-content\/uploads\/2011\/12\/Gutenberg-927x1024.jpg 927w, https:\/\/www.bvmainz.de\/content\/wp-content\/uploads\/2011\/12\/Gutenberg.jpg 1008w\" sizes=\"auto, (max-width: 271px) 100vw, 271px\" \/><\/a><\/h2>\n<p>Unser\u00a0Traditionsturnier findet regelm\u00e4\u00dfig im Rahmen der Mainzer Johannisnacht statt.\u00a0Die Mainzer Johannisnacht ist eins der gr\u00f6\u00dften Volksfeste im Rhein-Main Gebiet, j\u00e4hrlich kommen mehrere Tausend Besucher um sich zu Vergn\u00fcgen. Ein Besuch in Mainz hat also gleich zwei gute Gr\u00fcnde &#8230;<\/p>\n<p>Liebe Freunde des Bowlingsport&#8217;s, Freunde des Gutenberg Cup&#8217;s und Freunde des\u00a0Johannisfestes<\/p>\n<p>auch in 2015 wird unser beliebtes Turnier wieder stattfinden!<br \/>\nBitte haltet Euch das Wochenende<span style=\"color: #0000ff;\"><strong> 19.06. &#8211; 21.06.2015 f<\/strong><\/span>rei!!<br \/>\nWICHTIG: In diesem Jahr keine \u00dcberschneidung mit den Deutschen Meisterschaften!!<\/p>\n<p>Im letzten Jahr habt ihr mit euren zahlreichen Anmeldung unser Turnier wieder zu einem tollen Event gemacht. Wir hoffen das ihr auch in 2015 wieder so zahlreich teilnehmen werdet. Wir haben eure Anregungen sehr ernst genommen und versucht diese umzusetzen.<\/p>\n<p>hier geht&#8216; zur\u00a0<strong>Online Anmeldung \/ Online Registration<\/strong><\/p>\n<p><a href=\"https:\/\/www.bvmainz.de\/content\/wp-content\/uploads\/2015\/05\/Online-Meldung-Gutenberg-Cup-2015.pdf\" target=\"_blank\"><strong><span style=\"color: #0066cc;\"><span style=\"text-decoration: underline;\">Startpl\u00e4tze 2015<\/span><\/span><\/strong><\/a><\/p>\n<p><span style=\"text-decoration: underline;\"><span style=\"color: #3366ff;\"><strong><a style=\"color: #3366ff; text-decoration: underline;\" href=\"https:\/\/www.bvmainz.de\/content\/wp-content\/uploads\/2015\/03\/GC_klein.pdf\" target=\"_blank\">Ausschreibung<\/a><\/strong><\/span><\/span><\/p>\n<p><span style=\"color: #3366ff;\"><a style=\"color: #3366ff;\" href=\"https:\/\/www.bvmainz.de\/content\/wp-content\/uploads\/2015\/03\/Flyer_2015_A5.pdf\" target=\"_blank\"><strong><span style=\"text-decoration: underline;\"><span style=\"text-decoration: underline;\">Flyer zum Gutenberg Cup 2015<\/span><\/span><\/strong><\/a><\/span><\/p>\n<p><span style=\"color: #ff0000;\"><strong>ERGEBNISSE: folgen sp\u00e4ter<\/strong><\/span><\/p>\n<p>&nbsp;<\/p>\n<p><strong><em><span style=\"color: #0000ff;\">Mit freundlicher Unterst\u00fctzung von<\/span><\/em><\/strong><\/p>\n<p align=\"LEFT\"><strong><span style=\"color: #0000ff;\"><span style=\"color: #800080;\"><a style=\"color: #800080;\" href=\"www.juwelier-willenberg.de\/\" target=\"_blank\">Juwelier Willenberg<\/a><\/span>, <a style=\"color: #0000ff;\" href=\"http:\/\/www.modulkonzept.de\/\" target=\"_blank\">Modulkonzept<\/a>,<span style=\"color: #800080;\"> <a style=\"color: #800080;\" href=\"https:\/\/www.sparkasse-mainz.de\" target=\"_blank\"><span style=\"text-decoration: underline;\">Sparkasse Mainz<\/span><\/a><\/span>,\u00a0<\/span><a style=\"color: #0000ff;\" href=\"http:\/\/phoenixbowling.de\/\" target=\"_blank\"><span style=\"text-decoration: underline;\"><span style=\"text-decoration: underline;\">Ph\u00f6nixbowling Mainz<\/span><\/span><\/a>, <span style=\"color: #800080;\">\u00a0<a style=\"color: #800080;\" href=\"http:\/\/www.parfuemerie-hussong.de\" target=\"_blank\"><span style=\"text-decoration: underline;\">Parf\u00fcmerie und Kosmetiksalon Hussong<\/span><\/a><\/span>,\u00a0<a style=\"color: #0000ff;\" href=\"http:\/\/www.fjh.de\" target=\"_blank\"><span style=\"text-decoration: underline;\">FJH die Steckverbinder GmbH<\/span><\/a>,<span style=\"color: #800080;\"><a style=\"color: #800080;\" href=\"www.hotelamschloss-alzey.de\" target=\"_blank\"> Hotel Schlo\u00df <\/a>und <a style=\"color: #800080;\" href=\"www.wein-zinken.de\" target=\"_blank\">Wein Zinken<\/a>,<\/span>\u00a0<a style=\"color: #0000ff;\" href=\"http:\/\/www.stadtwerke-mainz.de\" target=\"_blank\"><span style=\"text-decoration: underline;\"><span style=\"text-decoration: underline;\">Stadtwerke Mainz AG<\/span><\/span><\/a>, <span style=\"color: #800080;\"><a style=\"color: #800080;\" href=\"http:\/\/www.ml-bowling.de\" target=\"_blank\">ML Bowling<\/a><\/span>, <a style=\"color: #0000ff;\" href=\"http:\/\/www.rheinwerkzeug.de\" target=\"_blank\"><span style=\"text-decoration: underline;\">Rheinwerkzeug GmbH\u00a0&amp; Co. KG<\/span><\/a>,\u00a0\u00a0<span style=\"color: #800080;\"><a style=\"color: #800080;\" href=\"http:\/\/www.mecklenburgische.de\/BD-68\/Bezirks-Generalvertretung-Andreas-Bauer\/Bezirks-Generalvertretung-Andreas-Bauer-Agenturprofil\" target=\"_blank\"><span style=\"text-decoration: underline;\"><span style=\"text-decoration: underline;\"><span style=\"text-decoration: underline;\">Mecklenburgische Versicherungsgruppe<\/span><\/span><\/span><\/a><\/span>, <a style=\"color: #0000ff;\" href=\"http:\/\/www.meynitextil.de\/\" target=\"_blank\"><span style=\"text-decoration: underline;\">meyni Textil<\/span><\/a>,<span style=\"color: #800080;\">\u00a0<\/span><span style=\"color: #800080;\"><a style=\"color: #800080;\" href=\"http:\/\/www.garagenmax.de\" target=\"_blank\">GaragenMax<\/a>,<\/span> <span style=\"text-decoration: underline;\"><span style=\"text-decoration: underline;\"><a style=\"color: #0000ff; text-decoration: underline;\" href=\"http:\/\/www.resort-stromberg.de\/\" target=\"_blank\">Resort Stromberg \u2013 Hotel &amp; Ferienh\u00e4user<\/a><\/span><\/span><\/strong><\/p>\n","protected":false},"excerpt":{"rendered":"<p>Willkommen zum Gutenberg Cup! Unser\u00a0Traditionsturnier findet regelm\u00e4\u00dfig im Rahmen der Mainzer Johannisnacht statt.\u00a0Die Mainzer Johannisnacht ist eins der gr\u00f6\u00dften Volksfeste im Rhein-Main Gebiet, j\u00e4hrlich kommen mehrere Tausend Besucher um sich zu Vergn\u00fcgen. Ein Besuch in Mainz hat also gleich zwei &hellip; <a href=\"https:\/\/www.bvmainz.de\/content\/?page_id=88\">Weiterlesen <span class=\"meta-nav\">&rarr;<\/span><\/a><\/p>\n","protected":false},"author":1,"featured_media":0,"parent":47,"menu_order":0,"comment_status":"closed","ping_status":"closed","template":"sidebar-page.php","meta":{"footnotes":""},"class_list":["post-88","page","type-page","status-publish","hentry"],"_links":{"self":[{"href":"https:\/\/www.bvmainz.de\/content\/index.php?rest_route=\/wp\/v2\/pages\/88","targetHints":{"allow":["GET"]}}],"collection":[{"href":"https:\/\/www.bvmainz.de\/content\/index.php?rest_route=\/wp\/v2\/pages"}],"about":[{"href":"https:\/\/www.bvmainz.de\/content\/index.php?rest_route=\/wp\/v2\/types\/page"}],"author":[{"embeddable":true,"href":"https:\/\/www.bvmainz.de\/content\/index.php?rest_route=\/wp\/v2\/users\/1"}],"replies":[{"embeddable":true,"href":"https:\/\/www.bvmainz.de\/content\/index.php?rest_route=%2Fwp%2Fv2%2Fcomments&post=88"}],"version-history":[{"count":107,"href":"https:\/\/www.bvmainz.de\/content\/index.php?rest_route=\/wp\/v2\/pages\/88\/revisions"}],"predecessor-version":[{"id":4316,"href":"https:\/\/www.bvmainz.de\/content\/index.php?rest_route=\/wp\/v2\/pages\/88\/revisions\/4316"}],"up":[{"embeddable":true,"href":"https:\/\/www.bvmainz.de\/content\/index.php?rest_route=\/wp\/v2\/pages\/47"}],"wp:attachment":[{"href":"https:\/\/www.bvmainz.de\/content\/index.php?rest_route=%2Fwp%2Fv2%2Fmedia&parent=88"}],"curies":[{"name":"wp","href":"https:\/\/api.w.org\/{rel}","templated":true}]}}