{"id":841,"date":"2011-12-29T09:47:18","date_gmt":"2011-12-29T09:47:18","guid":{"rendered":"https:\/\/www.bvmainz.de\/content\/?page_id=841"},"modified":"2012-04-02T18:25:33","modified_gmt":"2012-04-02T18:25:33","slug":"bc-joker-mainz","status":"publish","type":"page","link":"https:\/\/www.bvmainz.de\/content\/?page_id=841","title":{"rendered":"BC Joker Mainz"},"content":{"rendered":"<p><strong><br \/>\n<\/strong><img loading=\"lazy\" decoding=\"async\" class=\"alignright size-medium wp-image-844\" src=\"https:\/\/www.bvmainz.de\/content\/wp-content\/uploads\/2011\/12\/a_Joker_Logo-300x277.jpg\" alt=\"\" width=\"300\" height=\"277\" srcset=\"https:\/\/www.bvmainz.de\/content\/wp-content\/uploads\/2011\/12\/a_Joker_Logo-300x277.jpg 300w, https:\/\/www.bvmainz.de\/content\/wp-content\/uploads\/2011\/12\/a_Joker_Logo-324x300.jpg 324w, https:\/\/www.bvmainz.de\/content\/wp-content\/uploads\/2011\/12\/a_Joker_Logo.jpg 340w\" sizes=\"auto, (max-width: 300px) 100vw, 300px\" \/><\/p>\n<p><strong>Unser junger Club hat sich 2008 neu formiert und besteht zur Zeit aus 20 Spielern. Wir sind <\/strong><strong>ein selbstst\u00e4ndiger Club innerhalb der Bowling Vereinigung Mainz e.V.<\/strong><\/p>\n<p><span style=\"color: #333333;font-style: normal;line-height: 24px\">Wir sind ein bunt gemischter Club, der sich aus Jugendlichen, Junioren, Aktiven und Senioren zusammensetzt. Wir alle haben Spa\u00df am Bowling, der\/die ein oder andere beim Freizeitbowling und die anderen auch beim Sportbowling.<\/span><\/p>\n<p>&nbsp;<\/p>\n<p><span style=\"color: #333333;font-style: normal;line-height: 24px\"><strong>2011\/2012<\/strong> stellen wir eine Mannschaft in der Landes-Oberliga Herren mit den Spielern Dennis Schier, Andreas Doetsch, Lukas Edingshaus, Marcel Lazar, Jeff Brons, Christian Geib, Sebastian Georg und Marc Lazar.<\/span><\/p>\n<p><strong>2010\/2011<\/strong> spielten\u00a0Lukas Edingshaus, Marcel Lazar, Jeff Brons, Christian Geib, Jan-Hendrik Tiemann und Marc Lazar erfolgreich f\u00fcr den BC Joker in der Landes-Oberliga.<\/p>\n<p><strong>2009\/2010<\/strong> konnten wir zwei Mannschaften\u00a0stellen, die erfolgreich am Spielbetrieb der Rheinland-Pfalz Ligen teilnahmen.\u00a0Eddi Smolarczyk, Hans-Georg Nagel, Steffen Bankmann, Christian Geib, Dennis Feth und Nico Gabel starteten mit einer neuen Mannschaft in der Bezirksliga.\u00a0\u00a0Marcel Lazar, Jeff Brons, Rainer Wurch, Rolf T\u00f6njes und Marc Lazar spielten f\u00fcr den BC Joker in der Landes Oberliga Herren. Nahezu alle Mitglieder spielen auch in der DBV S\u00fcdwestliga mit.<\/p>\n<p><strong>2008\/2009<\/strong> startete unser Club in der Landes Oberliga Herren <img decoding=\"async\" src=\"https:\/\/www.bvmainz.de\/assets\/images\/autogen\/a_100_1768.jpg\" alt=\"100_1768\" \/>Mannschaftsfoto\u00a0<span style=\"color: #333333;font-style: normal;line-height: 24px\">v.l.n.r. Dennis Feth,\u00a0<\/span><span style=\"color: #333333;font-style: normal;line-height: 24px\">Marc Lazar, Hans Georg Nagel,\u00a0<\/span><span style=\"color: #333333;font-style: normal;line-height: 24px\">Rolf T\u00f6njes,\u00a0<\/span><span style=\"color: #333333;font-style: normal;line-height: 24px\">Marcel Lazar und Jan Hendrik Tiemann<\/span><span style=\"color: #333333;font-style: normal;line-height: 24px\">\u00a0in der Landes-Oberliga Herren<\/span><\/p>\n<p>&nbsp;<\/p>\n<p>&nbsp;<\/p>\n","protected":false},"excerpt":{"rendered":"<p>Unser junger Club hat sich 2008 neu formiert und besteht zur Zeit aus 20 Spielern. Wir sind ein selbstst\u00e4ndiger Club innerhalb der Bowling Vereinigung Mainz e.V. Wir sind ein bunt gemischter Club, der sich aus Jugendlichen, Junioren, Aktiven und Senioren &hellip; <a href=\"https:\/\/www.bvmainz.de\/content\/?page_id=841\">Weiterlesen <span class=\"meta-nav\">&rarr;<\/span><\/a><\/p>\n","protected":false},"author":1,"featured_media":0,"parent":282,"menu_order":6,"comment_status":"closed","ping_status":"closed","template":"sidebar-page.php","meta":{"footnotes":""},"class_list":["post-841","page","type-page","status-publish","hentry"],"_links":{"self":[{"href":"https:\/\/www.bvmainz.de\/content\/index.php?rest_route=\/wp\/v2\/pages\/841","targetHints":{"allow":["GET"]}}],"collection":[{"href":"https:\/\/www.bvmainz.de\/content\/index.php?rest_route=\/wp\/v2\/pages"}],"about":[{"href":"https:\/\/www.bvmainz.de\/content\/index.php?rest_route=\/wp\/v2\/types\/page"}],"author":[{"embeddable":true,"href":"https:\/\/www.bvmainz.de\/content\/index.php?rest_route=\/wp\/v2\/users\/1"}],"replies":[{"embeddable":true,"href":"https:\/\/www.bvmainz.de\/content\/index.php?rest_route=%2Fwp%2Fv2%2Fcomments&post=841"}],"version-history":[{"count":17,"href":"https:\/\/www.bvmainz.de\/content\/index.php?rest_route=\/wp\/v2\/pages\/841\/revisions"}],"predecessor-version":[{"id":843,"href":"https:\/\/www.bvmainz.de\/content\/index.php?rest_route=\/wp\/v2\/pages\/841\/revisions\/843"}],"up":[{"embeddable":true,"href":"https:\/\/www.bvmainz.de\/content\/index.php?rest_route=\/wp\/v2\/pages\/282"}],"wp:attachment":[{"href":"https:\/\/www.bvmainz.de\/content\/index.php?rest_route=%2Fwp%2Fv2%2Fmedia&parent=841"}],"curies":[{"name":"wp","href":"https:\/\/api.w.org\/{rel}","templated":true}]}}