{"id":80,"date":"2011-12-23T16:08:25","date_gmt":"2011-12-23T16:08:25","guid":{"rendered":"https:\/\/www.bvmainz.de\/content\/?page_id=80"},"modified":"2014-05-23T15:34:34","modified_gmt":"2014-05-23T15:34:34","slug":"deutsche-meisterschaften-dbu","status":"publish","type":"page","link":"https:\/\/www.bvmainz.de\/content\/?page_id=80","title":{"rendered":"Deutsche Meisterschaften DBU"},"content":{"rendered":"<h2>Jugend<\/h2>\n<p>Der aktive Jugendbereich in der Deutschen Bowling Union ist in drei verschiedene Altersklassen unterteilt:<\/p>\n<ul>\n<li>Jugend C: bis 9 Jahre<\/li>\n<li>Jugend B: 10 &#8211; 14 Jahre<\/li>\n<li>Jugend A: 15 &#8211; 18 Jahre<\/li>\n<\/ul>\n<p>Diese Altersangaben beziehen sich auf das Alter, das im jeweiligen Sportjahr\u00a0(01.07. &#8211; 30.06.) erreicht wird. In den Altersklassen der B- und A-Jugend werden Deutsche Meisterschaften ausgetragen, in denen die Meister in den Disziplinen Einzel, Doppel, Trio, 4er-Mannschaft, 5er-Mannschaft und All-Event ermittelt werden, ab 2012. Details hierzu finden sie in den jeweiligen Durchf\u00fchrungsbestimmungen der einzelnen Meisterschaften.<\/p>\n<p>F\u00fcr weitere Informationen und Regularien f\u00fcr Jugendspieler siehe\u00a0<a href=\"http:\/\/dbu-bowling.com\/index.php?id=218#c347\">DBU Sportordnung<\/a>.<\/p>\n<h2>Jugend C<\/h2>\n<p>In dieser Altersklasse werden z.Z. keine Meisterschaften ausgetragen, Sonderregelungen f\u00fcr diese Altersklasse sind in der Sportordnung geregelt.<\/p>\n<h2>Jugend B<\/h2>\n<p><em><strong>die n\u00e4chsten <a href=\"http:\/\/dbu-bowling.com\/index.php?id=3282\" target=\"_blank\">Deutschen Jugend B \u00a0Meisterschaften<\/a> finden &#8230;&#8230;.<\/strong><\/em><\/p>\n<h2>Jugend A<\/h2>\n<p><em><strong>die n\u00e4chsten <a href=\"http:\/\/dbu-bowling.com\/index.php?id=3281\" target=\"_blank\">Deutschen Jugend A \u00a0Meisterschaften<\/a> finden in &#8230;..<\/strong><\/em><\/p>\n<h2><\/h2>\n<p>&nbsp;<\/p>\n<h2>Junioren<\/h2>\n<p>Die Deutschen Meisterschaften der Junioren werden seit 1971 ausgerichtet. Spielberechtigt sind alle DBU-Mitglieder von 19 bis 23 Jahre. Ma\u00dfgelblich f\u00fcr die Teilnahmeberechtigung ist das erreichte Alter innerhalb des Sportjahres.<\/p>\n<p>Anfangs wurden die Deutschen Meister der Junioren und Juniorinnen im Einzel ermittelt. Seit 2003 wurde dieser Wettbewerb erweitert um die Deutschen Doppelmeister der Junioren und Juniorinnen.<\/p>\n<p><em><strong>die n\u00e4chsten <a href=\"http:\/\/dbu-bowling.com\/index.php?id=3278\" target=\"_blank\">Deutschen Junioren Meisterschaften<\/a> finden in &#8230;&#8230;&#8230;.<\/strong><\/em><\/p>\n<h2><\/h2>\n<p>&nbsp;<\/p>\n<h2>Aktive (Damen &amp; Herren)<\/h2>\n<p>Die Deutsche Meisterschaft der Aktiven bilden den j\u00e4hrlichen Abschluss der Saison, die bis zum 30.06. eines jeden Jahres geht. Sie wird durchgef\u00fchrt in den Disziplinen Mixed, Doppel und Einzel. Die Teilnehmer an dieser Meisterschaft m\u00fcssen sich \u00fcber die Landesverb\u00e4nde qualifizieren.<\/p>\n<p>Die Deutschen Meister in den jewiligen Disziplinen sind automatisch als Titelverteidiger f\u00fcr die n\u00e4chste Deutsche Meisterschaft qualifiziert.<\/p>\n<p><em><strong>die n\u00e4chsten <a href=\"http:\/\/dbu-bowling.com\/index.php?id=3275\" target=\"_blank\">Deutschen Aktiven Meisterschaften<\/a> finden in &#8230;..<\/strong><\/em><\/p>\n<h2><\/h2>\n<p>&nbsp;<\/p>\n<h2>Senioren &amp; Versehrte<\/h2>\n<p>Die Deutsche Meisterschaft der Senioren wird j\u00e4hrlich ausgetragen. Spielberechtigt sind alle DBU-Mitglieder, die innerhalb des Sportjahres mindestens 50 Jahre alt sind. Die DM der Senioren wird in sechs verschiedenen Altersklassen ausgetragen. Beginnend mit den Einzelmeistern in der Altersklasse Senioren A, die seit 1939 ermitelt werden, wurde 1964 die neue Altersklasse Senioren B dazugenommen. Hier liegt das Mindestalter bei 58 Jahren. Im Jahre 2006 wurde die Deutsche Meisterschaft der Senioren um die Altersklasse Senioren C erweitert. Hier liegt das Mindestalter bei 65 Jahren.<\/p>\n<p>Ebenfalls werden bei dieser Meisterschaft auch die Deutschen Meister im Einzel in den Versehrtenklassen ermittelt.<\/p>\n<p><em><strong>die n\u00e4chsten <a href=\"http:\/\/dbu-bowling.com\/index.php?id=3279\" target=\"_blank\">Deutschen Senioren &amp; Versehrten Meisterschaften<\/a> finden in &#8230;..<\/strong><\/em><\/p>\n<h2><\/h2>\n<p>&nbsp;<\/p>\n<h2>L\u00e4ndermannschaften<\/h2>\n<p>Bei der Deutschen Meisterschaft der L\u00e4ndermannschaften stellen die Landesverb\u00e4nde die Mannschaften der Damen und Herren. In den Spielklassen Damen und Herren werden 5er-Mannschaften gebildet, die \u00fcber eine Vorrunde, Halbfinale und Finale die Deutschen Meister ermitteln.<\/p>\n<p>Bis 2002 wurde dieser Wettbewerb als\u00a0<a href=\"http:\/\/dbu-bowling.com\/index.php?id=2039\">Vereinsmannschaftsmeisterschaft<\/a>\u00a0durchgef\u00fchrt.<\/p>\n<p><em><strong>die n\u00e4chsten <a href=\"http:\/\/dbu-bowling.com\/index.php?id=3280\" target=\"_blank\">Deutschen L\u00e4ndermannschaft Meisterschaften<\/a> finden in &#8230;&#8230;<\/strong><\/em><\/p>\n<p>&nbsp;<\/p>\n<p>Quelle: DBU &#8211; Deutsche Bowling Union<\/p>\n","protected":false},"excerpt":{"rendered":"<p>Jugend Der aktive Jugendbereich in der Deutschen Bowling Union ist in drei verschiedene Altersklassen unterteilt: Jugend C: bis 9 Jahre Jugend B: 10 &#8211; 14 Jahre Jugend A: 15 &#8211; 18 Jahre Diese Altersangaben beziehen sich auf das Alter, das &hellip; <a href=\"https:\/\/www.bvmainz.de\/content\/?page_id=80\">Weiterlesen <span class=\"meta-nav\">&rarr;<\/span><\/a><\/p>\n","protected":false},"author":1,"featured_media":0,"parent":45,"menu_order":0,"comment_status":"closed","ping_status":"closed","template":"sidebar-page.php","meta":{"footnotes":""},"class_list":["post-80","page","type-page","status-publish","hentry"],"_links":{"self":[{"href":"https:\/\/www.bvmainz.de\/content\/index.php?rest_route=\/wp\/v2\/pages\/80","targetHints":{"allow":["GET"]}}],"collection":[{"href":"https:\/\/www.bvmainz.de\/content\/index.php?rest_route=\/wp\/v2\/pages"}],"about":[{"href":"https:\/\/www.bvmainz.de\/content\/index.php?rest_route=\/wp\/v2\/types\/page"}],"author":[{"embeddable":true,"href":"https:\/\/www.bvmainz.de\/content\/index.php?rest_route=\/wp\/v2\/users\/1"}],"replies":[{"embeddable":true,"href":"https:\/\/www.bvmainz.de\/content\/index.php?rest_route=%2Fwp%2Fv2%2Fcomments&post=80"}],"version-history":[{"count":15,"href":"https:\/\/www.bvmainz.de\/content\/index.php?rest_route=\/wp\/v2\/pages\/80\/revisions"}],"predecessor-version":[{"id":3700,"href":"https:\/\/www.bvmainz.de\/content\/index.php?rest_route=\/wp\/v2\/pages\/80\/revisions\/3700"}],"up":[{"embeddable":true,"href":"https:\/\/www.bvmainz.de\/content\/index.php?rest_route=\/wp\/v2\/pages\/45"}],"wp:attachment":[{"href":"https:\/\/www.bvmainz.de\/content\/index.php?rest_route=%2Fwp%2Fv2%2Fmedia&parent=80"}],"curies":[{"name":"wp","href":"https:\/\/api.w.org\/{rel}","templated":true}]}}