{"id":65,"date":"2011-12-23T16:03:47","date_gmt":"2011-12-23T16:03:47","guid":{"rendered":"https:\/\/www.bvmainz.de\/content\/?page_id=65"},"modified":"2011-12-30T17:55:42","modified_gmt":"2011-12-30T17:55:42","slug":"erfolge-und-titel","status":"publish","type":"page","link":"https:\/\/www.bvmainz.de\/content\/?page_id=65","title":{"rendered":"Erfolge und Titel"},"content":{"rendered":"<p><strong>Auf dieser Seite findet ihr k\u00fcnftig die gesammelten Podiumserfolge und Titel unserer Spielerinnen und Spieler, sowie weitere &#8222;besondere Leistungen&#8220;. Wir w\u00fcrden diese Sammlung gerne so fr\u00fch wie m\u00f6glich beginnen, wenn ihr uns bei der Erstellung mit Unterlagen, Informationen, Fakten helfen k\u00f6nntet, w\u00e4re das sehr hilfreich. \u00a0Dargestellt werden sollen Deutsche Meisterschaften, Landesmeisterschaften, Vereinsmeisterschaften aller Altersklassen. Der Jugendbereich konnte von 2000\/2001-bis heute schon zusammengestellt werden.<\/strong><\/p>\n<p>Folgende Daten sollen ver\u00f6ffentlicht werden\/ w\u00e4ren hilfreich:<br \/>\nJahr, Ort, Altersklasse\/Disziplin, Name\/ Vorname, Titel\/Platzierung<\/p>\n<p>&nbsp;<\/p>\n<p>Jugend<\/p>\n<p>&nbsp;<\/p>\n<p>Junioren<\/p>\n<p>&nbsp;<\/p>\n<p>Aktive<\/p>\n<p>&nbsp;<\/p>\n<p>Senioren<\/p>\n<p>&nbsp;<\/p>\n<p>Versehrte<\/p>\n<p>&nbsp;<\/p>\n<p>&nbsp;<\/p>\n","protected":false},"excerpt":{"rendered":"<p>Auf dieser Seite findet ihr k\u00fcnftig die gesammelten Podiumserfolge und Titel unserer Spielerinnen und Spieler, sowie weitere &#8222;besondere Leistungen&#8220;. Wir w\u00fcrden diese Sammlung gerne so fr\u00fch wie m\u00f6glich beginnen, wenn ihr uns bei der Erstellung mit Unterlagen, Informationen, Fakten helfen &hellip; <a href=\"https:\/\/www.bvmainz.de\/content\/?page_id=65\">Weiterlesen <span class=\"meta-nav\">&rarr;<\/span><\/a><\/p>\n","protected":false},"author":1,"featured_media":0,"parent":27,"menu_order":4,"comment_status":"closed","ping_status":"closed","template":"sidebar-page.php","meta":{"footnotes":""},"class_list":["post-65","page","type-page","status-publish","hentry"],"_links":{"self":[{"href":"https:\/\/www.bvmainz.de\/content\/index.php?rest_route=\/wp\/v2\/pages\/65","targetHints":{"allow":["GET"]}}],"collection":[{"href":"https:\/\/www.bvmainz.de\/content\/index.php?rest_route=\/wp\/v2\/pages"}],"about":[{"href":"https:\/\/www.bvmainz.de\/content\/index.php?rest_route=\/wp\/v2\/types\/page"}],"author":[{"embeddable":true,"href":"https:\/\/www.bvmainz.de\/content\/index.php?rest_route=\/wp\/v2\/users\/1"}],"replies":[{"embeddable":true,"href":"https:\/\/www.bvmainz.de\/content\/index.php?rest_route=%2Fwp%2Fv2%2Fcomments&post=65"}],"version-history":[{"count":7,"href":"https:\/\/www.bvmainz.de\/content\/index.php?rest_route=\/wp\/v2\/pages\/65\/revisions"}],"predecessor-version":[{"id":174,"href":"https:\/\/www.bvmainz.de\/content\/index.php?rest_route=\/wp\/v2\/pages\/65\/revisions\/174"}],"up":[{"embeddable":true,"href":"https:\/\/www.bvmainz.de\/content\/index.php?rest_route=\/wp\/v2\/pages\/27"}],"wp:attachment":[{"href":"https:\/\/www.bvmainz.de\/content\/index.php?rest_route=%2Fwp%2Fv2%2Fmedia&parent=65"}],"curies":[{"name":"wp","href":"https:\/\/api.w.org\/{rel}","templated":true}]}}