{"id":58,"date":"2011-12-23T16:02:15","date_gmt":"2011-12-23T16:02:15","guid":{"rendered":"https:\/\/www.bvmainz.de\/content\/?page_id=58"},"modified":"2021-04-11T18:33:51","modified_gmt":"2021-04-11T18:33:51","slug":"mitgliedsantrag","status":"publish","type":"page","link":"https:\/\/www.bvmainz.de\/content\/?page_id=58","title":{"rendered":"Mitgliedsantrag und Beitr\u00e4ge"},"content":{"rendered":"<h6>Du m\u00f6chtest gerne Mitglied im BV Mainz werden?,<!--more--><\/h6>\n<h6>dann findest Du hier den<br \/><a href=\"http:\/\/www.bvmainz.de\/content\/wp-content\/uploads\/2021\/04\/BVM_Mitgliedsantrag_01_03_2021.pdf\"><strong>Mitgliedsantrag (Aufnahmeantrag)<\/strong><\/a><\/h6>\n<h6><a href=\"http:\/\/www.bvmainz.de\/content\/wp-content\/uploads\/2021\/04\/BVM_Aenderung_Mitgliedsantrag_01_03_2021.pdf\"><strong>\u00c4nderungsantrag Mitgliedschaft<\/strong><\/a><\/h6>\n<h6><strong>Membership request (Admission request)<br \/><\/strong><\/h6>\n<h6><strong>Amendment request Membership<\/strong><\/h6>\n<h6>als PDF Datei.<\/h6>\n<h6>Bitte in Blockschrift ausf\u00fcllen und einer Person unseres Vorstands \u00fcbergeben oder an die Gesch\u00e4ftsstelle senden.<\/h6>\n<h6>\u00a0<\/h6>\n<h6>\u00dcbersicht der<strong> <a href=\"http:\/\/www.bvmainz.de\/content\/wp-content\/uploads\/2021\/04\/BVM_Beitraege_01_03_2021.pdf\">Beitr\u00e4ge<\/a> <\/strong>im BV Mainz e.V.<\/h6>\n<h6>\u00a0<\/h6>\n<h6><span style=\"font-size: inherit;\">Sollte aus irgendwelchen Gr\u00fcnden eine \u00c4nderung bzw. Umstellung der Mitgliedschaft notwendig sein, z.B. neue Anschrift, andere Bankverbindung, Wechsel von passiv auf aktiv oder \u00e4hnliches, verwendet bitte den <\/span><a style=\"font-size: inherit;\" href=\"http:\/\/www.bvmainz.de\/content\/wp-content\/uploads\/2021\/04\/BVM_Aenderung_Mitgliedsantrag_01_03_2021.pdf\"><strong>\u00c4nderungsantrag Mitgliedschaft<\/strong><\/a><\/h6>\n<h6>\u00a0<\/h6>\n<h6>Soll die Mitgliedschaft beendet werden, was wir nat\u00fcrlich sehr bedauern w\u00fcrden, k\u00f6nnt ihr hier ebenfalls den\u00a0<a href=\"http:\/\/www.bvmainz.de\/content\/wp-content\/uploads\/2021\/04\/BVM_Aenderung_Mitgliedsantrag_01_03_2021.pdf\"><strong>\u00c4nderungsantrag Mitgliedschaft<\/strong><\/a><\/h6>\n<p>verwenden.<\/p>\n\n\n<p><\/p>\n","protected":false},"excerpt":{"rendered":"<p>Du m\u00f6chtest gerne Mitglied im BV Mainz werden?,<\/p>\n","protected":false},"author":1,"featured_media":0,"parent":27,"menu_order":1,"comment_status":"closed","ping_status":"closed","template":"sidebar-page.php","meta":{"footnotes":""},"class_list":["post-58","page","type-page","status-publish","hentry"],"_links":{"self":[{"href":"https:\/\/www.bvmainz.de\/content\/index.php?rest_route=\/wp\/v2\/pages\/58","targetHints":{"allow":["GET"]}}],"collection":[{"href":"https:\/\/www.bvmainz.de\/content\/index.php?rest_route=\/wp\/v2\/pages"}],"about":[{"href":"https:\/\/www.bvmainz.de\/content\/index.php?rest_route=\/wp\/v2\/types\/page"}],"author":[{"embeddable":true,"href":"https:\/\/www.bvmainz.de\/content\/index.php?rest_route=\/wp\/v2\/users\/1"}],"replies":[{"embeddable":true,"href":"https:\/\/www.bvmainz.de\/content\/index.php?rest_route=%2Fwp%2Fv2%2Fcomments&post=58"}],"version-history":[{"count":57,"href":"https:\/\/www.bvmainz.de\/content\/index.php?rest_route=\/wp\/v2\/pages\/58\/revisions"}],"predecessor-version":[{"id":5617,"href":"https:\/\/www.bvmainz.de\/content\/index.php?rest_route=\/wp\/v2\/pages\/58\/revisions\/5617"}],"up":[{"embeddable":true,"href":"https:\/\/www.bvmainz.de\/content\/index.php?rest_route=\/wp\/v2\/pages\/27"}],"wp:attachment":[{"href":"https:\/\/www.bvmainz.de\/content\/index.php?rest_route=%2Fwp%2Fv2%2Fmedia&parent=58"}],"curies":[{"name":"wp","href":"https:\/\/api.w.org\/{rel}","templated":true}]}}