{"id":4739,"date":"2019-02-26T13:27:11","date_gmt":"2019-02-26T13:27:11","guid":{"rendered":"http:\/\/www.bvmainz.de\/content\/?page_id=4739"},"modified":"2020-10-30T10:44:16","modified_gmt":"2020-10-30T10:44:16","slug":"trainer-im-bv-mainz-e-v","status":"publish","type":"page","link":"https:\/\/www.bvmainz.de\/content\/?page_id=4739","title":{"rendered":"Trainer im BV Mainz e.V."},"content":{"rendered":"<p>Training unter Anleitung<\/p>\n<p>Der BV Mainz ist in der gl\u00fccklichen Lage, derzeit 4 Trainer mit diversen Trainerlizenzen im Verein zu haben. Neben den verschiedenen bowlingspezifischen Lizenzen, auch jemanden aus dem Bereich Fitness.<\/p>\n<p>Durch diese Lizenztr\u00e4ger mit unterschiedlichen Leistungs- und Wissenst\u00e4nden k\u00f6nnen wir ein ausgewogenes und ansprechendes Training erm\u00f6glichen.<\/p>\n<ul>\n<li>Thorsten Wiesenberg\n<ul>\n<li>Anw\u00e4rter ETBF Trainer Level 1<\/li>\n<\/ul>\n<\/li>\n<li>Marc Lazar\n<ul>\n<li>C &#8211; Trainer DOSB<\/li>\n<li>ETBF Trainer Level 1<\/li>\n<li>Technischer Kommissar DBU (Bahnabnahme)<\/li>\n<\/ul>\n<\/li>\n<li>Shirley Lazar\n<ul>\n<li>A &#8211; Fitnesstrainer<\/li>\n<\/ul>\n<\/li>\n<\/ul>\n<p>DOSB = Deutscher Olympischer Sportbund<br \/>\nETBF = European Tenpin Bowling Federation<br \/>\nDBU = Deutsche Bowling Union<\/p>\n","protected":false},"excerpt":{"rendered":"<p>Training unter Anleitung Der BV Mainz ist in der gl\u00fccklichen Lage, derzeit 4 Trainer mit diversen Trainerlizenzen im Verein zu haben. Neben den verschiedenen bowlingspezifischen Lizenzen, auch jemanden aus dem Bereich Fitness. Durch diese Lizenztr\u00e4ger mit unterschiedlichen Leistungs- und Wissenst\u00e4nden &hellip; <a href=\"https:\/\/www.bvmainz.de\/content\/?page_id=4739\">Weiterlesen <span class=\"meta-nav\">&rarr;<\/span><\/a><\/p>\n","protected":false},"author":3,"featured_media":0,"parent":27,"menu_order":5,"comment_status":"closed","ping_status":"closed","template":"","meta":{"footnotes":""},"class_list":["post-4739","page","type-page","status-publish","hentry"],"_links":{"self":[{"href":"https:\/\/www.bvmainz.de\/content\/index.php?rest_route=\/wp\/v2\/pages\/4739","targetHints":{"allow":["GET"]}}],"collection":[{"href":"https:\/\/www.bvmainz.de\/content\/index.php?rest_route=\/wp\/v2\/pages"}],"about":[{"href":"https:\/\/www.bvmainz.de\/content\/index.php?rest_route=\/wp\/v2\/types\/page"}],"author":[{"embeddable":true,"href":"https:\/\/www.bvmainz.de\/content\/index.php?rest_route=\/wp\/v2\/users\/3"}],"replies":[{"embeddable":true,"href":"https:\/\/www.bvmainz.de\/content\/index.php?rest_route=%2Fwp%2Fv2%2Fcomments&post=4739"}],"version-history":[{"count":10,"href":"https:\/\/www.bvmainz.de\/content\/index.php?rest_route=\/wp\/v2\/pages\/4739\/revisions"}],"predecessor-version":[{"id":5485,"href":"https:\/\/www.bvmainz.de\/content\/index.php?rest_route=\/wp\/v2\/pages\/4739\/revisions\/5485"}],"up":[{"embeddable":true,"href":"https:\/\/www.bvmainz.de\/content\/index.php?rest_route=\/wp\/v2\/pages\/27"}],"wp:attachment":[{"href":"https:\/\/www.bvmainz.de\/content\/index.php?rest_route=%2Fwp%2Fv2%2Fmedia&parent=4739"}],"curies":[{"name":"wp","href":"https:\/\/api.w.org\/{rel}","templated":true}]}}