{"id":4704,"date":"2018-03-10T11:00:28","date_gmt":"2018-03-10T11:00:28","guid":{"rendered":"https:\/\/www.bvmainz.de\/content\/?page_id=4704"},"modified":"2019-07-04T21:30:46","modified_gmt":"2019-07-04T21:30:46","slug":"neujahrsempfang-2018","status":"publish","type":"page","link":"https:\/\/www.bvmainz.de\/content\/?page_id=4704","title":{"rendered":"Neujahrsempfang 2018"},"content":{"rendered":"<p>Der Neujahrsempfang 2018 war offensichtlich ein riesen Spa\u00df f\u00fcr unsere Mitglieder und die Angeh\u00f6rigen. Es wurde um Punkte gek\u00e4mpft und viel gelacht und auch lecker gegessen!<\/p>\n<p><span style=\"display: inline !important; float: none; background-color: transparent; color: #333333; font-family: 'Helvetica Neue',Helvetica,Arial,'Nimbus Sans L',sans-serif; font-size: 15px; font-style: normal; font-variant: normal; font-weight: 300; letter-spacing: normal; orphans: 2; text-align: left; text-decoration: none; text-indent: 0px; text-transform: none; -webkit-text-stroke-width: 0px; white-space: normal; word-spacing: 0px;\">\n\t\t<!-- MasterSlider -->\n\t\t<div id=\"P_MS5aa3badc9bfdc\" class=\"master-slider-parent msl ms-parent-id-1\" style=\"max-width:480px;\"  >\n\n\t\t\t\n\t\t\t<!-- MasterSlider Main -->\n\t\t\t<div id=\"MS5aa3badc9bfdc\" class=\"master-slider ms-skin-default\" >\n\t\t\t\t \t\t\t\t \n\t\t\t\t<div  class=\"ms-slide\" data-delay=\"3\" data-fill-mode=\"fill\"  >\n\t\t\t\t\t<img decoding=\"async\" src=\"http:\/\/www.bvmainz.de\/content\/wp-content\/plugins\/master-slider\/public\/assets\/css\/blank.gif\" alt=\"\" title=\"\" data-src=\"http:\/\/www.bvmainz.de\/content\/wp-content\/uploads\/2018\/01\/20180127_105359.jpg\" \/>\n\n\n\t<img decoding=\"async\" class=\"ms-thumb\" src=\"http:\/\/www.bvmainz.de\/content\/wp-content\/uploads\/2018\/01\/20180127_105359-140x80.jpg\" alt=\"\" \/>\n\t<div class=\"ms-thumb\" ><div class=\"ms-tab-context\"><div class=&quot;ms-tab-context&quot;><\/div><\/div>\n<\/div>\n\t\t\t\t<\/div>\n\t\t\t\t<div  class=\"ms-slide\" data-delay=\"3\" data-fill-mode=\"fill\"  >\n\t\t\t\t\t<img decoding=\"async\" src=\"http:\/\/www.bvmainz.de\/content\/wp-content\/plugins\/master-slider\/public\/assets\/css\/blank.gif\" alt=\"\" title=\"\" data-src=\"http:\/\/www.bvmainz.de\/content\/wp-content\/uploads\/2018\/01\/20180127_105402.jpg\" \/>\n\n\n\t<img decoding=\"async\" class=\"ms-thumb\" src=\"http:\/\/www.bvmainz.de\/content\/wp-content\/uploads\/2018\/01\/20180127_105402-140x80.jpg\" alt=\"\" \/>\n\t<div class=\"ms-thumb\" ><div class=\"ms-tab-context\"><div class=&quot;ms-tab-context&quot;><\/div><\/div>\n<\/div>\n\t\t\t\t<\/div>\n\t\t\t\t<div  class=\"ms-slide\" data-delay=\"3\" data-fill-mode=\"fill\"  >\n\t\t\t\t\t<img decoding=\"async\" src=\"http:\/\/www.bvmainz.de\/content\/wp-content\/plugins\/master-slider\/public\/assets\/css\/blank.gif\" alt=\"\" title=\"\" data-src=\"http:\/\/www.bvmainz.de\/content\/wp-content\/uploads\/2018\/01\/20180127_105408.jpg\" \/>\n\n\n\t<img decoding=\"async\" class=\"ms-thumb\" src=\"http:\/\/www.bvmainz.de\/content\/wp-content\/uploads\/2018\/01\/20180127_105408-140x80.jpg\" alt=\"\" \/>\n\t<div class=\"ms-thumb\" ><div class=\"ms-tab-context\"><div class=&quot;ms-tab-context&quot;><\/div><\/div>\n<\/div>\n\t\t\t\t<\/div>\n\t\t\t\t<div  class=\"ms-slide\" data-delay=\"3\" data-fill-mode=\"fill\"  >\n\t\t\t\t\t<img decoding=\"async\" src=\"http:\/\/www.bvmainz.de\/content\/wp-content\/plugins\/master-slider\/public\/assets\/css\/blank.gif\" alt=\"\" title=\"\" data-src=\"http:\/\/www.bvmainz.de\/content\/wp-content\/uploads\/2018\/01\/20180127_105421.jpg\" \/>\n\n\n\t<img decoding=\"async\" class=\"ms-thumb\" src=\"http:\/\/www.bvmainz.de\/content\/wp-content\/uploads\/2018\/01\/20180127_105421-140x80.jpg\" alt=\"\" \/>\n\t<div class=\"ms-thumb\" ><div class=\"ms-tab-context\"><div class=&quot;ms-tab-context&quot;><\/div><\/div>\n<\/div>\n\t\t\t\t<\/div>\n\t\t\t\t<div  class=\"ms-slide\" data-delay=\"3\" data-fill-mode=\"fill\"  >\n\t\t\t\t\t<img decoding=\"async\" src=\"http:\/\/www.bvmainz.de\/content\/wp-content\/plugins\/master-slider\/public\/assets\/css\/blank.gif\" alt=\"\" title=\"\" data-src=\"http:\/\/www.bvmainz.de\/content\/wp-content\/uploads\/2018\/01\/20180127_125640.jpg\" \/>\n\n\n\t<img decoding=\"async\" class=\"ms-thumb\" src=\"http:\/\/www.bvmainz.de\/content\/wp-content\/uploads\/2018\/01\/20180127_125640-140x80.jpg\" alt=\"\" \/>\n\t<div class=\"ms-thumb\" ><div class=\"ms-tab-context\"><div class=&quot;ms-tab-context&quot;><\/div><\/div>\n<\/div>\n\t\t\t\t<\/div>\n\t\t\t\t<div  class=\"ms-slide\" data-delay=\"3\" data-fill-mode=\"fill\"  >\n\t\t\t\t\t<img decoding=\"async\" src=\"http:\/\/www.bvmainz.de\/content\/wp-content\/plugins\/master-slider\/public\/assets\/css\/blank.gif\" alt=\"\" title=\"\" data-src=\"http:\/\/www.bvmainz.de\/content\/wp-content\/uploads\/2018\/01\/20180127_121608.jpg\" \/>\n\n\n\t<img decoding=\"async\" class=\"ms-thumb\" src=\"http:\/\/www.bvmainz.de\/content\/wp-content\/uploads\/2018\/01\/20180127_121608-140x80.jpg\" alt=\"\" \/>\n\t<div class=\"ms-thumb\" ><div class=\"ms-tab-context\"><div class=&quot;ms-tab-context&quot;><\/div><\/div>\n<\/div>\n\t\t\t\t<\/div>\n\t\t\t\t<div  class=\"ms-slide\" data-delay=\"3\" data-fill-mode=\"fill\"  >\n\t\t\t\t\t<img decoding=\"async\" src=\"http:\/\/www.bvmainz.de\/content\/wp-content\/plugins\/master-slider\/public\/assets\/css\/blank.gif\" alt=\"\" title=\"\" data-src=\"http:\/\/www.bvmainz.de\/content\/wp-content\/uploads\/2018\/01\/20180127_121603.jpg\" \/>\n\n\n\t<img decoding=\"async\" class=\"ms-thumb\" src=\"http:\/\/www.bvmainz.de\/content\/wp-content\/uploads\/2018\/01\/20180127_121603-140x80.jpg\" alt=\"\" \/>\n\t<div class=\"ms-thumb\" ><div class=\"ms-tab-context\"><div class=&quot;ms-tab-context&quot;><\/div><\/div>\n<\/div>\n\t\t\t\t<\/div>\n\t\t\t\t<div  class=\"ms-slide\" data-delay=\"3\" data-fill-mode=\"fill\"  >\n\t\t\t\t\t<img decoding=\"async\" src=\"http:\/\/www.bvmainz.de\/content\/wp-content\/plugins\/master-slider\/public\/assets\/css\/blank.gif\" alt=\"\" title=\"\" data-src=\"http:\/\/www.bvmainz.de\/content\/wp-content\/uploads\/2018\/01\/20180127_121548.jpg\" \/>\n\n\n\t<img decoding=\"async\" class=\"ms-thumb\" src=\"http:\/\/www.bvmainz.de\/content\/wp-content\/uploads\/2018\/01\/20180127_121548-140x80.jpg\" alt=\"\" \/>\n\t<div class=\"ms-thumb\" ><div class=\"ms-tab-context\"><div class=&quot;ms-tab-context&quot;><\/div><\/div>\n<\/div>\n\t\t\t\t<\/div>\n\t\t\t\t<div  class=\"ms-slide\" data-delay=\"3\" data-fill-mode=\"fill\"  >\n\t\t\t\t\t<img decoding=\"async\" src=\"http:\/\/www.bvmainz.de\/content\/wp-content\/plugins\/master-slider\/public\/assets\/css\/blank.gif\" alt=\"\" title=\"\" data-src=\"http:\/\/www.bvmainz.de\/content\/wp-content\/uploads\/2018\/01\/20180127_125643.jpg\" \/>\n\n\n\t<img decoding=\"async\" class=\"ms-thumb\" src=\"http:\/\/www.bvmainz.de\/content\/wp-content\/uploads\/2018\/01\/20180127_125643-140x80.jpg\" alt=\"\" \/>\n\t<div class=\"ms-thumb\" ><div class=\"ms-tab-context\"><div class=&quot;ms-tab-context&quot;><\/div><\/div>\n<\/div>\n\t\t\t\t<\/div>\n\t\t\t\t<div  class=\"ms-slide\" data-delay=\"3\" data-fill-mode=\"fill\"  >\n\t\t\t\t\t<img decoding=\"async\" src=\"http:\/\/www.bvmainz.de\/content\/wp-content\/plugins\/master-slider\/public\/assets\/css\/blank.gif\" alt=\"\" title=\"\" data-src=\"http:\/\/www.bvmainz.de\/content\/wp-content\/uploads\/2018\/01\/20180127_133149.jpg\" \/>\n\n\n\t<img decoding=\"async\" class=\"ms-thumb\" src=\"http:\/\/www.bvmainz.de\/content\/wp-content\/uploads\/2018\/01\/20180127_133149-140x80.jpg\" alt=\"\" \/>\n\t<div class=\"ms-thumb\" ><div class=\"ms-tab-context\"><div class=&quot;ms-tab-context&quot;><\/div><\/div>\n<\/div>\n\t\t\t\t<\/div>\n\t\t\t\t<div  class=\"ms-slide\" data-delay=\"3\" data-fill-mode=\"fill\"  >\n\t\t\t\t\t<img decoding=\"async\" src=\"http:\/\/www.bvmainz.de\/content\/wp-content\/plugins\/master-slider\/public\/assets\/css\/blank.gif\" alt=\"\" title=\"\" data-src=\"http:\/\/www.bvmainz.de\/content\/wp-content\/uploads\/2018\/01\/20180127_133119.jpg\" \/>\n\n\n\t<img decoding=\"async\" class=\"ms-thumb\" src=\"http:\/\/www.bvmainz.de\/content\/wp-content\/uploads\/2018\/01\/20180127_133119-140x80.jpg\" alt=\"\" \/>\n\t<div class=\"ms-thumb\" ><div class=\"ms-tab-context\"><div class=&quot;ms-tab-context&quot;><\/div><\/div>\n<\/div>\n\t\t\t\t<\/div>\n\t\t\t\t<div  class=\"ms-slide\" data-delay=\"3\" data-fill-mode=\"fill\"  >\n\t\t\t\t\t<img decoding=\"async\" src=\"http:\/\/www.bvmainz.de\/content\/wp-content\/plugins\/master-slider\/public\/assets\/css\/blank.gif\" alt=\"\" title=\"\" data-src=\"http:\/\/www.bvmainz.de\/content\/wp-content\/uploads\/2018\/01\/20180127_133102.jpg\" \/>\n\n\n\t<img decoding=\"async\" class=\"ms-thumb\" src=\"http:\/\/www.bvmainz.de\/content\/wp-content\/uploads\/2018\/01\/20180127_133102-140x80.jpg\" alt=\"\" \/>\n\t<div class=\"ms-thumb\" ><div class=\"ms-tab-context\"><div class=&quot;ms-tab-context&quot;><\/div><\/div>\n<\/div>\n\t\t\t\t<\/div>\n\t\t\t\t<div  class=\"ms-slide\" data-delay=\"3\" data-fill-mode=\"fill\"  >\n\t\t\t\t\t<img decoding=\"async\" src=\"http:\/\/www.bvmainz.de\/content\/wp-content\/plugins\/master-slider\/public\/assets\/css\/blank.gif\" alt=\"\" title=\"\" data-src=\"http:\/\/www.bvmainz.de\/content\/wp-content\/uploads\/2018\/01\/20180127_133100.jpg\" \/>\n\n\n\t<img decoding=\"async\" class=\"ms-thumb\" src=\"http:\/\/www.bvmainz.de\/content\/wp-content\/uploads\/2018\/01\/20180127_133100-140x80.jpg\" alt=\"\" \/>\n\t<div class=\"ms-thumb\" ><div class=\"ms-tab-context\"><div class=&quot;ms-tab-context&quot;><\/div><\/div>\n<\/div>\n\t\t\t\t<\/div>\n\n\t\t\t<\/div>\n\t\t\t<!-- END MasterSlider Main -->\n\n\t\t\t \n\t\t<\/div>\n\t\t<!-- END MasterSlider -->\n\n\t\t<script>\n\t\t(function ( $ ) {\n\t\t\t\"use strict\";\n\n\t\t\t$(function () {\n\t\t\t\tvar masterslider_bfdc = new MasterSlider();\n\n\t\t\t\t\/\/ slider controls\n\t\t\t\tmasterslider_bfdc.control('arrows'     ,{ autohide:false, overVideo:true  });\t\t\t\tmasterslider_bfdc.control('bullets'    ,{ autohide:false, overVideo:true, dir:'h', align:'bottom' , margin:10  });\n\n\t\t\t\tmasterslider_bfdc.control('thumblist'  ,{ autohide:false, overVideo:true, dir:'v', speed:17, inset:false, arrows:false, hover:false, customClass:'', align:'right',type:'thumbs', margin:5, width:140, height:80, space:5, fillMode:'fill'  });\n\t\t\t\t\/\/ slider setup\n\t\t\t\tmasterslider_bfdc.setup(\"MS5aa3badc9bfdc\", {\n\t\t\t\t\t\twidth           : 1000,\n\t\t\t\t\t\theight          : 480,\n\t\t\t\t\t\tminHeight       : 320,\n\t\t\t\t\t\tspace           : 0,\n\t\t\t\t\t\tstart           : 1,\n\t\t\t\t\t\tgrabCursor      : true,\n\t\t\t\t\t\tswipe           : true,\n\t\t\t\t\t\tmouse           : true,\n\t\t\t\t\t\tlayout          : \"boxed\",\n\t\t\t\t\t\twheel           : false,\n\t\t\t\t\t\tautoplay        : false,\n\t\t\t\t\t\tinstantStartLayers:false,\n\t\t\t\t\t\tloop            : true,\n\t\t\t\t\t\tshuffle         : false,\n\t\t\t\t\t\tpreload         : 0,\n\t\t\t\t\t\theightLimit     : true,\n\t\t\t\t\t\tautoHeight      : false,\n\t\t\t\t\t\tsmoothHeight    : true,\n\t\t\t\t\t\tendPause        : false,\n\t\t\t\t\t\toverPause       : true,\n\t\t\t\t\t\tfillMode        : \"fill\",\n\t\t\t\t\t\tcenterControls  : true,\n\t\t\t\t\t\tstartOnAppear   : true,\n\t\t\t\t\t\tlayersMode      : \"center\",\n\t\t\t\t\t\thideLayers      : false,\n\t\t\t\t\t\tfullscreenMargin: 0,\n\t\t\t\t\t\tspeed           : 20,\n\t\t\t\t\t\tdir             : \"v\",\n\t\t\t\t\t\tparallaxMode    : 'swipe',\n\t\t\t\t\t\tview            : \"basic\"\n\t\t\t\t});\n\n\t\t\t\t\n\t\t\t\twindow.masterslider_instances = window.masterslider_instances || [];\n\t\t\t\twindow.masterslider_instances.push( masterslider_bfdc );\n\t\t\t });\n\n\t\t})(jQuery);\n\t\t<\/script>\n\n<\/span><b><\/b><i><\/i><u><\/u><\/p>\n<p>Nach dem wir uns ab 10:00Uhr mal im Minigolf versucht haben und dies unter den erschwerten aber tollen Bedingungen im &#8222;3D Schwarzlicht&#8220; gemeistert haben, sind wir anschlie\u00dfend zum Flammkuchen Essen in den &#8222;Kamin&#8220; eingekehrt.<\/p>\n<p>Die ganz Tapferen ( vorwiegend die Jugend) sa\u00dfen auch gleich am offen Feuer am Kamin.<\/p>\n<p>Wir bedanken uns f\u00fcr die Planung bei Shirley, die alles organisiert hat aber leider nicht dabei sein konnte, es war ein toller Tag f\u00fcr den BV Mainz !!<\/p>\n<p>&nbsp;<\/p>\n","protected":false},"excerpt":{"rendered":"<p>Der Neujahrsempfang 2018 war offensichtlich ein riesen Spa\u00df f\u00fcr unsere Mitglieder und die Angeh\u00f6rigen. Es wurde um Punkte gek\u00e4mpft und viel gelacht und auch lecker gegessen! Nach dem wir uns ab 10:00Uhr mal im Minigolf versucht haben und dies unter &hellip; <a href=\"https:\/\/www.bvmainz.de\/content\/?page_id=4704\">Weiterlesen <span class=\"meta-nav\">&rarr;<\/span><\/a><\/p>\n","protected":false},"author":3,"featured_media":0,"parent":60,"menu_order":0,"comment_status":"closed","ping_status":"closed","template":"","meta":{"footnotes":""},"class_list":["post-4704","page","type-page","status-publish","hentry"],"_links":{"self":[{"href":"https:\/\/www.bvmainz.de\/content\/index.php?rest_route=\/wp\/v2\/pages\/4704","targetHints":{"allow":["GET"]}}],"collection":[{"href":"https:\/\/www.bvmainz.de\/content\/index.php?rest_route=\/wp\/v2\/pages"}],"about":[{"href":"https:\/\/www.bvmainz.de\/content\/index.php?rest_route=\/wp\/v2\/types\/page"}],"author":[{"embeddable":true,"href":"https:\/\/www.bvmainz.de\/content\/index.php?rest_route=\/wp\/v2\/users\/3"}],"replies":[{"embeddable":true,"href":"https:\/\/www.bvmainz.de\/content\/index.php?rest_route=%2Fwp%2Fv2%2Fcomments&post=4704"}],"version-history":[{"count":3,"href":"https:\/\/www.bvmainz.de\/content\/index.php?rest_route=\/wp\/v2\/pages\/4704\/revisions"}],"predecessor-version":[{"id":4714,"href":"https:\/\/www.bvmainz.de\/content\/index.php?rest_route=\/wp\/v2\/pages\/4704\/revisions\/4714"}],"up":[{"embeddable":true,"href":"https:\/\/www.bvmainz.de\/content\/index.php?rest_route=\/wp\/v2\/pages\/60"}],"wp:attachment":[{"href":"https:\/\/www.bvmainz.de\/content\/index.php?rest_route=%2Fwp%2Fv2%2Fmedia&parent=4704"}],"curies":[{"name":"wp","href":"https:\/\/api.w.org\/{rel}","templated":true}]}}