{"id":4538,"date":"2017-03-14T22:31:33","date_gmt":"2017-03-14T22:31:33","guid":{"rendered":"https:\/\/www.bvmainz.de\/content\/?page_id=4538"},"modified":"2017-06-15T20:05:30","modified_gmt":"2017-06-15T20:05:30","slug":"gutenberg-cup-2017","status":"publish","type":"page","link":"https:\/\/www.bvmainz.de\/content\/?page_id=4538","title":{"rendered":"Gutenberg Cup 2017"},"content":{"rendered":"<p><strong>Werte Bowler-Gemeinde<\/strong><\/p>\n<h2><strong>das BV Mainz Traditionsturnier der<br \/>\n&#8222;Gutenberg Cup&#8220;<br \/>\nfindet 2017 wieder statt!!!<\/strong><\/h2>\n<p><img loading=\"lazy\" decoding=\"async\" class=\"alignleft wp-image-4520\" src=\"https:\/\/www.bvmainz.de\/content\/wp-content\/uploads\/2017\/03\/Gutenberg_Cup_Brochure_Ansicht-07.03.17-final.jpg\" alt=\"\" width=\"312\" height=\"439\" \/><\/p>\n<p><strong>Wichtige Info&#8217;s:<\/strong><\/p>\n<p>Neuer Austragungsort: <span style=\"color: #0000ff;\">Bowlingroom Mainz Mombach<\/span><br \/>\n<span style=\"color: #0000ff;\">20 Brunswick Bahnen<\/span><\/p>\n<ul>\n<li>leicht ge\u00e4nderter Modus<\/li>\n<li>ge\u00e4nderte Trainingszusch\u00fcsse<\/li>\n<\/ul>\n<p>auch DM Teilnehmer k\u00f6nnen wieder einen Abstecher nach Mainz machen, Ludwigshafen ist nur ca.\u00a045 min entfernt<\/p>\n<p style=\"text-align: right;\">hier findet ihr die komplette <span style=\"color: #ff0000;\"><strong><a style=\"color: #ff0000;\" href=\"https:\/\/www.bvmainz.de\/content\/wp-content\/uploads\/2017\/03\/Gutenberg_Cup_2017_Brochure.pdf\" target=\"_blank\" rel=\"noopener noreferrer\">Ausschreibung als PDF<\/a><\/strong><\/span><\/p>\n<p style=\"text-align: right;\">hier findet ihr die<br \/>\n<strong><span style=\"color: #ff0000;\">ONLINE &#8211; ANMELDUNG<\/span><\/strong><\/p>\n<p style=\"text-align: right;\"><span style=\"color: #993366;\">\u00a0\u00a0\u00a0\u00a0\u00a0\u00a0\u00a0\u00a0\u00a0\u00a0\u00a0\u00a0<span style=\"color: #000000;\">hier findet ihr\u00a0den<\/span><br \/>\n<span style=\"color: #ff0000;\">\u00a0\u00a0\u00a0<strong><u>AKTUELLEN STAND ANMELDUNGEN <\/u><\/strong><\/span><\/span><\/p>\n<p>&nbsp;<\/p>\n<p><span style=\"color: #ff6600;\"><b>ACHTUNG:\u00a0\u00a0 Early Bird Aktion beachten!!!\u00a0 &#8222;nur <\/b><b>bis zum 21.05.2017&#8243;<\/b><b><br \/>\ndie ersten 50 Anmeldungen, erhalten je Doppel \/ 2 Softgetr\u00e4nke <\/b><\/span><br \/>\nwie bieten ein weiteres Highlite an diesem Wochenende<\/p>\n<p><a href=\"https:\/\/www.mainz.de\/freizeit-und-sport\/feste-und-veranstaltungen\/mainzer-johannisnacht.php\" target=\"_blank\" rel=\"noopener noreferrer\"><strong>50 Jahre Johannisfest<\/strong><\/a><\/p>\n<p>ein\u00a0Besuch ist eigentlich Pflicht!!!<\/p>\n<h1><\/h1>\n<p>&nbsp;<\/p>\n<p>&nbsp;<\/p>\n","protected":false},"excerpt":{"rendered":"<p>Werte Bowler-Gemeinde das BV Mainz Traditionsturnier der &#8222;Gutenberg Cup&#8220; findet 2017 wieder statt!!! Wichtige Info&#8217;s: Neuer Austragungsort: Bowlingroom Mainz Mombach 20 Brunswick Bahnen leicht ge\u00e4nderter Modus ge\u00e4nderte Trainingszusch\u00fcsse auch DM Teilnehmer k\u00f6nnen wieder einen Abstecher nach Mainz machen, Ludwigshafen ist &hellip; <a href=\"https:\/\/www.bvmainz.de\/content\/?page_id=4538\">Weiterlesen <span class=\"meta-nav\">&rarr;<\/span><\/a><\/p>\n","protected":false},"author":3,"featured_media":0,"parent":88,"menu_order":0,"comment_status":"closed","ping_status":"closed","template":"","meta":{"footnotes":""},"class_list":["post-4538","page","type-page","status-publish","hentry"],"_links":{"self":[{"href":"https:\/\/www.bvmainz.de\/content\/index.php?rest_route=\/wp\/v2\/pages\/4538","targetHints":{"allow":["GET"]}}],"collection":[{"href":"https:\/\/www.bvmainz.de\/content\/index.php?rest_route=\/wp\/v2\/pages"}],"about":[{"href":"https:\/\/www.bvmainz.de\/content\/index.php?rest_route=\/wp\/v2\/types\/page"}],"author":[{"embeddable":true,"href":"https:\/\/www.bvmainz.de\/content\/index.php?rest_route=\/wp\/v2\/users\/3"}],"replies":[{"embeddable":true,"href":"https:\/\/www.bvmainz.de\/content\/index.php?rest_route=%2Fwp%2Fv2%2Fcomments&post=4538"}],"version-history":[{"count":10,"href":"https:\/\/www.bvmainz.de\/content\/index.php?rest_route=\/wp\/v2\/pages\/4538\/revisions"}],"predecessor-version":[{"id":4579,"href":"https:\/\/www.bvmainz.de\/content\/index.php?rest_route=\/wp\/v2\/pages\/4538\/revisions\/4579"}],"up":[{"embeddable":true,"href":"https:\/\/www.bvmainz.de\/content\/index.php?rest_route=\/wp\/v2\/pages\/88"}],"wp:attachment":[{"href":"https:\/\/www.bvmainz.de\/content\/index.php?rest_route=%2Fwp%2Fv2%2Fmedia&parent=4538"}],"curies":[{"name":"wp","href":"https:\/\/api.w.org\/{rel}","templated":true}]}}