{"id":29,"date":"2011-12-23T15:54:24","date_gmt":"2011-12-23T15:54:24","guid":{"rendered":"https:\/\/www.bvmainz.de\/content\/?page_id=29"},"modified":"2011-12-24T23:32:06","modified_gmt":"2011-12-24T23:32:06","slug":"der-sport","status":"publish","type":"page","link":"https:\/\/www.bvmainz.de\/content\/?page_id=29","title":{"rendered":"Der Sport"},"content":{"rendered":"<p>Bowling entstand in den\u00a0<a title=\"Vereinigte Staaten\" href=\"http:\/\/de.wikipedia.org\/wiki\/Vereinigte_Staaten\">Vereinigten Staaten<\/a>\u00a0aus dem europ\u00e4ischen\u00a0<a title=\"Kegeln\" href=\"http:\/\/de.wikipedia.org\/wiki\/Kegeln\">Kegeln<\/a>, das von deutschen und holl\u00e4ndischen Einwanderern mit in die neue Welt gebracht worden war. Das Kegeln selbst war schon im antiken \u00c4gypten bekannt und verbreitete sich im Mittelalter in Westeuropa. (Siehe auch:\u00a0<a title=\"Kegeln\" href=\"http:\/\/de.wikipedia.org\/wiki\/Kegeln#Geschichte\">Geschichte des Kegelns<\/a>.)<\/p>\n<p>Bowling ist das Ergebnis der Reaktion auf ein Kegelverbot 1837 in\u00a0<a title=\"Connecticut\" href=\"http:\/\/de.wikipedia.org\/wiki\/Connecticut\">Connecticut<\/a>. Das Verbot des Spiels auf Lattenbahnen mit neun Kegeln war erfolgt, da oft Geld eingesetzt und auch betrogen wurde. Um das Verbot zu umgehen, f\u00fcgte man den neun Kegeln einen zehnten hinzu, stellte diese im Dreieck statt im Viereck auf, nannte sie \u201ePins\u201c und das neue Spiel \u201eBowling\u201c. Die auf diese Weise geborene neue Sportart verbreitete sich rasch und ist heute weiter verbreitet als das herk\u00f6mmliche Kegeln. 1891 wurde in den USA der\u00a0<a title=\"American Bowling Congress (Seite nicht vorhanden)\" href=\"http:\/\/de.wikipedia.org\/w\/index.php?title=American_Bowling_Congress&amp;action=edit&amp;redlink=1\">American Bowling Congress<\/a>\u00a0(kurz:\u00a0<em>ABC<\/em>) gegr\u00fcndet.<\/p>\n<p>Das \u201eneue\u201c Spiel kam zu Beginn des 20. Jahrhunderts nach Europa zur\u00fcck, verbreitete sich hier in der ersten Jahrhunderth\u00e4lfte aber nur wenig. Dennoch wurde 1926 die<a title=\"International Bowling Association (Seite nicht vorhanden)\" href=\"http:\/\/de.wikipedia.org\/w\/index.php?title=International_Bowling_Association&amp;action=edit&amp;redlink=1\">International Bowling Association<\/a>\u00a0(kurz:\u00a0<em>IBA<\/em>) gegr\u00fcndet. Am 17. Februar 1929 beschloss der\u00a0<a title=\"Deutscher Kegler- und Bowlingbund\" href=\"http:\/\/de.wikipedia.org\/wiki\/Deutscher_Kegler-_und_Bowlingbund\">Deutsche Keglerbund<\/a>\u00a0(kurz:\u00a0<em>DKB<\/em>), die so genannte \u201eAmerikabahn\u201c als Bundesbahn aufzunehmen und sie den bisherigen Bahnspieltypen\u00a0<a title=\"Kegeln\" href=\"http:\/\/de.wikipedia.org\/wiki\/Kegeln#Classicbahn_.28Asphaltbahn.29\">Asphalt<\/a>,\u00a0<a title=\"Kegeln\" href=\"http:\/\/de.wikipedia.org\/wiki\/Kegeln#Scherenbahn\">Schere<\/a>\u00a0und\u00a0<a title=\"Kegeln\" href=\"http:\/\/de.wikipedia.org\/wiki\/Kegeln#Bohlebahn\">Bohle<\/a>\u00a0als vierte Bahnart\u00a0<a title=\"Kegeln\" href=\"http:\/\/de.wikipedia.org\/wiki\/Kegeln#Bowlingbahn\">Bowling<\/a>\u00a0anzugliedern. Bereits 1931 gab es die ersten deutschen Einzelmeisterschaften der M\u00e4nner \u2013 Frauen und Senioren folgten 1939. Ab 1932 gab es erste Meisterschaften f\u00fcr Vereinsmannschaften der Herren, die Clubmeisterschaften f\u00fcr 3er Teams wurden 1933 ins Leben gerufen. 1937 gewann Deutschland die erste Goldmedaille bei der Weltmeisterschaft in Berlin.<\/p>\n<p>W\u00e4hrend des\u00a0<a title=\"Zweiter Weltkrieg\" href=\"http:\/\/de.wikipedia.org\/wiki\/Zweiter_Weltkrieg\">Zweiten Weltkrieges<\/a>\u00a0wurde die\u00a0<em>IBA<\/em>\u00a0aufgel\u00f6st. Am 14. Oktober 1950 rief die im Jahre 1949 gegr\u00fcndete \u201eArbeitsgemeinschaft f\u00fcr Sportkegler\u201c in Bielefeld wieder den\u00a0<em>Deutschen Keglerbund e.\u00a0V.<\/em>\u00a0ins Leben. 15 Monate sp\u00e4ter, am 27. Januar 1952 schloss sich die Bundesrepublik Deutschland dem Weltdachverband\u00a0<em>FIQ<\/em>\u00a0an. In den 1950er- und 1960er-Jahren verbreitete sich das Spiel auf zehn Pins dann immer st\u00e4rker. Als Ursachen daf\u00fcr gelten automatische Aufstellmaschinen und erste \u00dcbertragungen im Fernsehen. Anfang der Sechzigerjahre wurden die ersten Gro\u00dfanlagen installiert.<\/p>\n<p>Am 27. September 1970 erfolgte der Start der neu gegr\u00fcndeten Bowling-Bundesliga der M\u00e4nner mit zw\u00f6lf Clubmannschaften, drei Jahre sp\u00e4ter die der Frauen. Auch die Gr\u00fcndung der\u00a0<a title=\"World Tenpin Bowling Association (Seite nicht vorhanden)\" href=\"http:\/\/de.wikipedia.org\/w\/index.php?title=World_Tenpin_Bowling_Association&amp;action=edit&amp;redlink=1\">World Tenpin Bowling Association<\/a>\u00a0(kurz:\u00a0<em>WTBA<\/em>) erfolgte 1973. Seit 1979 gilt Bowling als olympiaw\u00fcrdig. Bei den\u00a0<a title=\"Olympische Sommerspiele 1988\" href=\"http:\/\/de.wikipedia.org\/wiki\/Olympische_Sommerspiele_1988\">Olympischen Spielen 1988<\/a>\u00a0geh\u00f6rte Bowling zu den Demonstrationswettbewerben, wurde jedoch nicht ins olympische Programm \u00fcbernommen.<\/p>\n<p>Quelle: Wikipedia<\/p>\n<p>weitere Infos findet ihr <a href=\"http:\/\/de.wikipedia.org\/wiki\/Bowling#Geschichte\" target=\"_blank\">hier<\/a><\/p>\n","protected":false},"excerpt":{"rendered":"<p>Bowling entstand in den\u00a0Vereinigten Staaten\u00a0aus dem europ\u00e4ischen\u00a0Kegeln, das von deutschen und holl\u00e4ndischen Einwanderern mit in die neue Welt gebracht worden war. Das Kegeln selbst war schon im antiken \u00c4gypten bekannt und verbreitete sich im Mittelalter in Westeuropa. (Siehe auch:\u00a0Geschichte des &hellip; <a href=\"https:\/\/www.bvmainz.de\/content\/?page_id=29\">Weiterlesen <span class=\"meta-nav\">&rarr;<\/span><\/a><\/p>\n","protected":false},"author":1,"featured_media":0,"parent":0,"menu_order":2,"comment_status":"closed","ping_status":"closed","template":"sidebar-page.php","meta":{"footnotes":""},"class_list":["post-29","page","type-page","status-publish","hentry"],"_links":{"self":[{"href":"https:\/\/www.bvmainz.de\/content\/index.php?rest_route=\/wp\/v2\/pages\/29","targetHints":{"allow":["GET"]}}],"collection":[{"href":"https:\/\/www.bvmainz.de\/content\/index.php?rest_route=\/wp\/v2\/pages"}],"about":[{"href":"https:\/\/www.bvmainz.de\/content\/index.php?rest_route=\/wp\/v2\/types\/page"}],"author":[{"embeddable":true,"href":"https:\/\/www.bvmainz.de\/content\/index.php?rest_route=\/wp\/v2\/users\/1"}],"replies":[{"embeddable":true,"href":"https:\/\/www.bvmainz.de\/content\/index.php?rest_route=%2Fwp%2Fv2%2Fcomments&post=29"}],"version-history":[{"count":8,"href":"https:\/\/www.bvmainz.de\/content\/index.php?rest_route=\/wp\/v2\/pages\/29\/revisions"}],"predecessor-version":[{"id":229,"href":"https:\/\/www.bvmainz.de\/content\/index.php?rest_route=\/wp\/v2\/pages\/29\/revisions\/229"}],"wp:attachment":[{"href":"https:\/\/www.bvmainz.de\/content\/index.php?rest_route=%2Fwp%2Fv2%2Fmedia&parent=29"}],"curies":[{"name":"wp","href":"https:\/\/api.w.org\/{rel}","templated":true}]}}