{"id":2700,"date":"2013-03-02T20:12:52","date_gmt":"2013-03-02T20:12:52","guid":{"rendered":"https:\/\/www.bvmainz.de\/content\/?page_id=2700"},"modified":"2013-03-02T20:21:50","modified_gmt":"2013-03-02T20:21:50","slug":"bericht-landesmeisterschaft-jugend-2013","status":"publish","type":"page","link":"https:\/\/www.bvmainz.de\/content\/?page_id=2700","title":{"rendered":"Bericht Landesmeisterschaft Jugend 2013"},"content":{"rendered":"<p align=\"center\"><strong>Landesmeisterschaften Rheinland-Pfalz Jugend 2013<\/strong><\/p>\n<p>Wie immer im Sp\u00e4twinter fanden die Landesmeisterschaften der Jugend in Kaiserslautern statt. Die Lauterer haben wieder sehr gute Bedingungen geschaffen, so da\u00df gute und spannende Wettk\u00e4mpfe stattfinden konnten. Ein gro\u00dfes Danke, von unserer Seite.<\/p>\n<p>Die BV Mainz Jugendabteilung war zahlreich vertreten und hat sich wacker geschlagen. Drei Landesmeistertitel ein Vizemeister sowie\u00a0 zwei zweite Pl\u00e4tze bei den Masters k\u00f6nnen sich sehen lassen.<\/p>\n<p>Die Wettk\u00e4mpfe fanden auf hohem Niveau statt und waren vor allen bei den Masters sehr spannend und zum Teil von hoher Dramatik . So entschieden sich die Masters der A-Jugend und der B-Jugend erst in den letzten drei Frames des zweiten Spiels. Leider jeweils zum Nachteil unserer Spieler Lukas Edingshaus (A-Jugend) und Simon Smolarczyk (B-Jugend ). Trotzdem Lob und Anerkennung f\u00fcr beide .<\/p>\n<p>Simon Smolarczyk wurde neben dem zweiten Platz bei den Masters in seiner Altersklasse Rheinland-Pfalz Meister. Lukas Edingshaus wurde in seiner Altersklasse Vizelandesmeister.<\/p>\n<p>Landesmeister in der C-Jugend m\u00e4nnlich wurdeLukas Schier.<\/p>\n<p>Landesmeister B-Jugend weiblich wurde Laura Hesbacher.<\/p>\n<p>Gratulation an alle Gewinner und\u00a0 Platzierte, f\u00fcr alle anderen:<\/p>\n\n\t\t<style type=\"text\/css\">\n\t\t\t#gallery-1 {\n\t\t\t\tmargin: auto;\n\t\t\t}\n\t\t\t#gallery-1 .gallery-item {\n\t\t\t\tfloat: left;\n\t\t\t\tmargin-top: 10px;\n\t\t\t\ttext-align: center;\n\t\t\t\twidth: 20%;\n\t\t\t}\n\t\t\t#gallery-1 img {\n\t\t\t\tborder: 2px solid #cfcfcf;\n\t\t\t}\n\t\t\t#gallery-1 .gallery-caption {\n\t\t\t\tmargin-left: 0;\n\t\t\t}\n\t\t\t\/* see gallery_shortcode() in wp-includes\/media.php *\/\n\t\t<\/style>\n\t\t<div id='gallery-1' class='gallery galleryid-2700 gallery-columns-5 gallery-size-thumbnail'><dl class='gallery-item'>\n\t\t\t<dt class='gallery-icon landscape'>\n\t\t\t\t<a href='https:\/\/www.bvmainz.de\/content\/wp-content\/uploads\/2013\/03\/Vizemeister-Lukas-Eddinghaus-lmit-Landesmeister-und-Drittplatzierten.jpg'><img loading=\"lazy\" decoding=\"async\" width=\"150\" height=\"150\" src=\"https:\/\/www.bvmainz.de\/content\/wp-content\/uploads\/2013\/03\/Vizemeister-Lukas-Eddinghaus-lmit-Landesmeister-und-Drittplatzierten-150x150.jpg\" class=\"attachment-thumbnail size-thumbnail\" alt=\"\" \/><\/a>\n\t\t\t<\/dt><\/dl><dl class='gallery-item'>\n\t\t\t<dt class='gallery-icon landscape'>\n\t\t\t\t<a href='https:\/\/www.bvmainz.de\/content\/wp-content\/uploads\/2013\/03\/Sieger-A-Jugend-weibl..jpg'><img loading=\"lazy\" decoding=\"async\" width=\"150\" height=\"150\" src=\"https:\/\/www.bvmainz.de\/content\/wp-content\/uploads\/2013\/03\/Sieger-A-Jugend-weibl.-150x150.jpg\" class=\"attachment-thumbnail size-thumbnail\" alt=\"\" \/><\/a>\n\t\t\t<\/dt><\/dl><dl class='gallery-item'>\n\t\t\t<dt class='gallery-icon landscape'>\n\t\t\t\t<a href='https:\/\/www.bvmainz.de\/content\/wp-content\/uploads\/2013\/03\/Landesmeisterin-Laura-Hesbacher-und-Platzierte.jpg'><img loading=\"lazy\" decoding=\"async\" width=\"150\" height=\"150\" src=\"https:\/\/www.bvmainz.de\/content\/wp-content\/uploads\/2013\/03\/Landesmeisterin-Laura-Hesbacher-und-Platzierte-150x150.jpg\" class=\"attachment-thumbnail size-thumbnail\" alt=\"\" \/><\/a>\n\t\t\t<\/dt><\/dl><dl class='gallery-item'>\n\t\t\t<dt class='gallery-icon landscape'>\n\t\t\t\t<a href='https:\/\/www.bvmainz.de\/content\/wp-content\/uploads\/2013\/03\/Landesmeister-Simon-Smolartcyk-und-Platzierte.jpg'><img loading=\"lazy\" decoding=\"async\" width=\"150\" height=\"150\" src=\"https:\/\/www.bvmainz.de\/content\/wp-content\/uploads\/2013\/03\/Landesmeister-Simon-Smolartcyk-und-Platzierte-150x150.jpg\" class=\"attachment-thumbnail size-thumbnail\" alt=\"\" \/><\/a>\n\t\t\t<\/dt><\/dl><dl class='gallery-item'>\n\t\t\t<dt class='gallery-icon landscape'>\n\t\t\t\t<a href='https:\/\/www.bvmainz.de\/content\/wp-content\/uploads\/2013\/03\/Landesmeister-Lukas-Schier1.jpg'><img loading=\"lazy\" decoding=\"async\" width=\"150\" height=\"150\" src=\"https:\/\/www.bvmainz.de\/content\/wp-content\/uploads\/2013\/03\/Landesmeister-Lukas-Schier1-150x150.jpg\" class=\"attachment-thumbnail size-thumbnail\" alt=\"\" \/><\/a>\n\t\t\t<\/dt><\/dl><br style=\"clear: both\" \/><dl class='gallery-item'>\n\t\t\t<dt class='gallery-icon landscape'>\n\t\t\t\t<a href='https:\/\/www.bvmainz.de\/content\/wp-content\/uploads\/2013\/03\/Die-Wettk\u00e4mpfer-der-Landesmeisterschaften.jpg'><img loading=\"lazy\" decoding=\"async\" width=\"150\" height=\"150\" src=\"https:\/\/www.bvmainz.de\/content\/wp-content\/uploads\/2013\/03\/Die-Wettk\u00e4mpfer-der-Landesmeisterschaften-150x150.jpg\" class=\"attachment-thumbnail size-thumbnail\" alt=\"\" \/><\/a>\n\t\t\t<\/dt><\/dl><dl class='gallery-item'>\n\t\t\t<dt class='gallery-icon landscape'>\n\t\t\t\t<a href='https:\/\/www.bvmainz.de\/content\/wp-content\/uploads\/2013\/03\/Landesmeister-Lukas-Schier.jpg'><img loading=\"lazy\" decoding=\"async\" width=\"150\" height=\"150\" src=\"https:\/\/www.bvmainz.de\/content\/wp-content\/uploads\/2013\/03\/Landesmeister-Lukas-Schier-150x150.jpg\" class=\"attachment-thumbnail size-thumbnail\" alt=\"\" \/><\/a>\n\t\t\t<\/dt><\/dl>\n\t\t\t<br style='clear: both' \/>\n\t\t<\/div>\n\n<p>Auf ein Neues im Sportjahr 2014 !<\/p>\n","protected":false},"excerpt":{"rendered":"<p>Landesmeisterschaften Rheinland-Pfalz Jugend 2013 Wie immer im Sp\u00e4twinter fanden die Landesmeisterschaften der Jugend in Kaiserslautern statt. Die Lauterer haben wieder sehr gute Bedingungen geschaffen, so da\u00df gute und spannende Wettk\u00e4mpfe stattfinden konnten. Ein gro\u00dfes Danke, von unserer Seite. Die BV &hellip; <a href=\"https:\/\/www.bvmainz.de\/content\/?page_id=2700\">Weiterlesen <span class=\"meta-nav\">&rarr;<\/span><\/a><\/p>\n","protected":false},"author":3,"featured_media":0,"parent":863,"menu_order":1,"comment_status":"closed","ping_status":"closed","template":"","meta":{"footnotes":""},"class_list":["post-2700","page","type-page","status-publish","hentry"],"_links":{"self":[{"href":"https:\/\/www.bvmainz.de\/content\/index.php?rest_route=\/wp\/v2\/pages\/2700","targetHints":{"allow":["GET"]}}],"collection":[{"href":"https:\/\/www.bvmainz.de\/content\/index.php?rest_route=\/wp\/v2\/pages"}],"about":[{"href":"https:\/\/www.bvmainz.de\/content\/index.php?rest_route=\/wp\/v2\/types\/page"}],"author":[{"embeddable":true,"href":"https:\/\/www.bvmainz.de\/content\/index.php?rest_route=\/wp\/v2\/users\/3"}],"replies":[{"embeddable":true,"href":"https:\/\/www.bvmainz.de\/content\/index.php?rest_route=%2Fwp%2Fv2%2Fcomments&post=2700"}],"version-history":[{"count":7,"href":"https:\/\/www.bvmainz.de\/content\/index.php?rest_route=\/wp\/v2\/pages\/2700\/revisions"}],"predecessor-version":[{"id":2715,"href":"https:\/\/www.bvmainz.de\/content\/index.php?rest_route=\/wp\/v2\/pages\/2700\/revisions\/2715"}],"up":[{"embeddable":true,"href":"https:\/\/www.bvmainz.de\/content\/index.php?rest_route=\/wp\/v2\/pages\/863"}],"wp:attachment":[{"href":"https:\/\/www.bvmainz.de\/content\/index.php?rest_route=%2Fwp%2Fv2%2Fmedia&parent=2700"}],"curies":[{"name":"wp","href":"https:\/\/api.w.org\/{rel}","templated":true}]}}