{"id":2625,"date":"2013-02-10T19:41:51","date_gmt":"2013-02-10T19:41:51","guid":{"rendered":"https:\/\/www.bvmainz.de\/content\/?page_id=2625"},"modified":"2017-03-14T22:35:54","modified_gmt":"2017-03-14T22:35:54","slug":"gutenberg-cup-2013","status":"publish","type":"page","link":"https:\/\/www.bvmainz.de\/content\/?page_id=2625","title":{"rendered":"Gutenberg Cup 2013"},"content":{"rendered":"<h2>Herzlich willkommen zum Gutenberg Cup 2013<\/h2>\n<h2><img loading=\"lazy\" decoding=\"async\" class=\"alignleft\" src=\"https:\/\/www.bvmainz.de\/content\/wp-content\/uploads\/2011\/12\/Gutenberg-271x300.jpg\" alt=\"\" width=\"271\" height=\"300\" \/><\/h2>\n<p>hier findet ihr alles rund um den Cup<\/p>\n<p><strong><a href=\"https:\/\/www.bvmainz.de\/content\/wp-content\/uploads\/2013\/03\/GC-Cup_2013-web.pdf\" target=\"_blank\">Ausschreibung 2013<\/a><\/strong><\/p>\n<p><strong><a href=\"https:\/\/docs.google.com\/spreadsheet\/viewform?formkey=dEZRa0dpTkE4bDljZndQZGt0VkY3ZEE6MA#gid=2\" target=\"_blank\">ONLINE ANMELDUNG\u00a0<\/a><\/strong><\/p>\n<p><a href=\"https:\/\/www.bvmainz.de\/content\/wp-content\/uploads\/2013\/06\/Online-Meldung-Gutenberg-Cup-2013_52-22.06.13.pdf\" target=\"_blank\"><strong>\u00dcbersicht Starterliste<\/strong><\/a><\/p>\n<p><strong><a href=\"https:\/\/www.bvmainz.de\/content\/wp-content\/uploads\/2013\/02\/Details-und-Spielmodus-GC-2013.pdf\" target=\"_blank\">Turnier Details und Spielmodus in Kurzform<\/a><\/strong><\/p>\n<p><strong><a href=\"https:\/\/www.dropbox.com\/sh\/hoo8u4gz3wrcjtk\/fa-mYU1yRh\" target=\"_blank\">Bilder vom Gutenberg Cup 2013<\/a><\/strong><\/p>\n<p>&nbsp;<\/p>\n<p><strong>Ergebnisse Gutenberg Cup 2013<br \/>\n<\/strong><strong>Doppelwettbewerb<\/strong><\/p>\n<p><a href=\"https:\/\/www.bvmainz.de\/content\/wp-content\/uploads\/2013\/06\/B_TurnierTeamAB-Detail-Pins-Hdc-vorrunde.pdf\" target=\"_blank\">Vorrunde<br \/>\n<\/a><a href=\"https:\/\/www.bvmainz.de\/content\/wp-content\/uploads\/2013\/06\/Desperado-Starts-Ergebnisse-sortiert.pdf\" target=\"_blank\">Desperado<br \/>\n<\/a><a href=\"https:\/\/www.bvmainz.de\/content\/wp-content\/uploads\/2013\/06\/B_TurnierTeamAB-Detail-Pins-Hdc-Zwischenrunde.pdf\" target=\"_blank\">Zwischenrunde Top 16<br \/>\n<\/a><a href=\"https:\/\/www.bvmainz.de\/content\/wp-content\/uploads\/2013\/06\/B_TurnierTeamAB-Detail-Pins-Hdc-Finale.pdf\" target=\"_blank\">Finale Top 10<\/a><\/p>\n<p><strong>Einzelwettbewerb<\/strong><br \/>\n<a href=\"https:\/\/www.bvmainz.de\/content\/wp-content\/uploads\/2013\/06\/B_TurnierTeamEinzelBonusPin-aktutell-Einzel-komplett.pdf\" target=\"_blank\">Vorrunde<\/a><br \/>\n<a href=\"https:\/\/www.bvmainz.de\/content\/wp-content\/uploads\/2013\/06\/B_TurnierEinzelAB-Detail-Pins-Hdc-Einzel-KO-Runde.pdf\" target=\"_blank\">KO-Runde Top 10<\/a><br \/>\n<a href=\"https:\/\/www.bvmainz.de\/content\/wp-content\/uploads\/2013\/06\/B_TurnierEinzel-Hdc-Finale-Einzel.pdf\" target=\"_blank\">Stepladder Finale inkl. Endstand Top 10<\/a><\/p>\n<p><strong>Gewinner Sonderpreise der h\u00f6chsten Serie der Vorrunde ohne HDC<\/strong><br \/>\nLea, Degenhardt &#8211; weibliche Jugend keine 19 Jahre am 30.06.13<br \/>\nNiklas, L\u00fctjeharms &#8211; m\u00e4nnliche Jugend keine 19 Jahre am 30.06.13<br \/>\nNadine, Geissler &#8211; Damen<br \/>\nKarl-Peter, Greulich &#8211; Herren<\/p>\n<p>wir Bedanken uns bei EUCH f\u00fcr die<br \/>\ntolle Beteiligung mit 93 von maximal 96 m\u00f6glichen Starten im Doppelwettbewerb \u00a0war unser Turnier nahezu ausgebucht!! Danke!! nicht zu vergessen die\u00a090 Starter\/innen im Einzelwettbewerb \u00a0die am zus\u00e4tzlichen Einzelwettbewerb teilgenommen haben!<\/p>\n<p>Ihr habt an diesem Wochenende mit tollen Ergebnisse gegl\u00e4nzt, habt f\u00fcr packende und spannende Finalk\u00e4mpfe gesorgt, wir hoffen das ihr genauso zufrieden seid wie wir und freuen uns auf den kommenden Gutenberg Cup 2014 den wir hoffentlich wieder mit Eurer Beteiligung austragen zu d\u00fcrfen.<\/p>\n<p>&nbsp;<\/p>\n<p>auch bei\u00a0<strong><a href=\"https:\/\/www.facebook.com\/events\/588188807864663\/\" target=\"_blank\">Facebook<\/a><\/strong><\/p>\n<p><strong>Bankverbindung f\u00fcr \u00dcberweisungen:<\/strong><\/p>\n<p>Bowling-Vereinigung Mainz<br \/>\nSparkasse Mainz\u00a0 \u2022 \u00a0BLZ 55050120\u00a0 \u2022 \u00a0Kto. 1029169941<br \/>\nVerwendungszweck: GC 2013, Namen der Spieler\/innen<\/p>\n<p><strong>Gutenberg Cup 2013 mit der freundlichen Unterst\u00fctzung von:<\/strong><br \/>\n<a href=\"http:\/\/www.juwelier-willenberg.de\/startseite.php\" target=\"_blank\">Juwelier Willenberg<\/a><a href=\"https:\/\/bankingportal.sparkasse-mainz.de\/portal\/portal\/StartenIPSTANDARD\" target=\"_blank\">\u00a0\u00a0-.- \u00a0Sparkasse Mainz<\/a>\u00a0\u00a0-.- \u00a0<a href=\"http:\/\/www.schmidt-dachdeckerfachbetrieb.com\/\" target=\"_blank\">Dachdecker Schmidt<\/a>\u00a0\u00a0-.- \u00a0<a href=\"http:\/\/www.clixx-it.de\/\" target=\"_blank\">Clixx &#8211; IT<\/a>\u00a0-.- \u00a0<a href=\"http:\/\/www.stadtwerke-mainz.de\/\" target=\"_blank\">Stadtwerke Mainz<\/a>\u00a0\u00a0-.- \u00a0<a href=\"http:\/\/www.phoenixbowling.de\/\" target=\"_blank\">Ph\u00f6nixbowling Mainz<\/a>\u00a0\u00a0-.- \u00a0<a href=\"http:\/\/www.rhodius-mineralwasser.de\/\" target=\"_blank\">Pepsi<\/a>\u00a0\u00a0-.-\u00a0<a href=\"http:\/\/www.golfhotel-stromberg.de\/\" target=\"_blank\">Land- und Golfhotel Stromberg<\/a>\u00a0\u00a0-.- \u00a0<a href=\"http:\/\/www.weico-bausanierung.de\/\" target=\"_blank\">WECO Bausanierung &#8211; W. Weis GmbH &amp; Co. KG<\/a>\u00a0\u00a0-.- \u00a0<a href=\"http:\/\/www.rheinwerkzeug.de\/\" target=\"_blank\">Rheinwerkzeuge GmbH &amp; Co. KG<\/a>\u00a0 -.-\u00a0<a href=\"http:\/\/www.fjh.de\" target=\"_blank\">FJH die Steckverbinder GmbH<\/a>\u00a0-.-\u00a0<a href=\"http:\/\/www.wigem.de\/\" target=\"_blank\">Getr\u00e4nke WIGEM<\/a>\u00a0-.-<a href=\"http:\/\/www.wigem.de\/\" target=\"_blank\">\u00a0<\/a><a href=\"http:\/\/www.michael.heimann.ergo.de\/de\/Startpage\/Startpage(Agt)\" target=\"_blank\">ERGO\u00a0Direktionsagentur Michael Heimann\u00a0<\/a><\/p>\n<p>Anfragen bitte an\u00a0<strong>\u00a0<\/strong>gutenbergcup (at) bvmainz.de\u00a0richten<\/p>\n","protected":false},"excerpt":{"rendered":"<p>Herzlich willkommen zum Gutenberg Cup 2013 hier findet ihr alles rund um den Cup Ausschreibung 2013 ONLINE ANMELDUNG\u00a0 \u00dcbersicht Starterliste Turnier Details und Spielmodus in Kurzform Bilder vom Gutenberg Cup 2013 &nbsp; Ergebnisse Gutenberg Cup 2013 Doppelwettbewerb Vorrunde Desperado Zwischenrunde &hellip; <a href=\"https:\/\/www.bvmainz.de\/content\/?page_id=2625\">Weiterlesen <span class=\"meta-nav\">&rarr;<\/span><\/a><\/p>\n","protected":false},"author":3,"featured_media":0,"parent":88,"menu_order":3,"comment_status":"closed","ping_status":"closed","template":"sidebar-page.php","meta":{"footnotes":""},"class_list":["post-2625","page","type-page","status-publish","hentry"],"_links":{"self":[{"href":"https:\/\/www.bvmainz.de\/content\/index.php?rest_route=\/wp\/v2\/pages\/2625","targetHints":{"allow":["GET"]}}],"collection":[{"href":"https:\/\/www.bvmainz.de\/content\/index.php?rest_route=\/wp\/v2\/pages"}],"about":[{"href":"https:\/\/www.bvmainz.de\/content\/index.php?rest_route=\/wp\/v2\/types\/page"}],"author":[{"embeddable":true,"href":"https:\/\/www.bvmainz.de\/content\/index.php?rest_route=\/wp\/v2\/users\/3"}],"replies":[{"embeddable":true,"href":"https:\/\/www.bvmainz.de\/content\/index.php?rest_route=%2Fwp%2Fv2%2Fcomments&post=2625"}],"version-history":[{"count":79,"href":"https:\/\/www.bvmainz.de\/content\/index.php?rest_route=\/wp\/v2\/pages\/2625\/revisions"}],"predecessor-version":[{"id":4248,"href":"https:\/\/www.bvmainz.de\/content\/index.php?rest_route=\/wp\/v2\/pages\/2625\/revisions\/4248"}],"up":[{"embeddable":true,"href":"https:\/\/www.bvmainz.de\/content\/index.php?rest_route=\/wp\/v2\/pages\/88"}],"wp:attachment":[{"href":"https:\/\/www.bvmainz.de\/content\/index.php?rest_route=%2Fwp%2Fv2%2Fmedia&parent=2625"}],"curies":[{"name":"wp","href":"https:\/\/api.w.org\/{rel}","templated":true}]}}